{"id":3826,"date":"2018-01-09T07:25:16","date_gmt":"2018-01-09T10:25:16","guid":{"rendered":"https:\/\/daso.com.br\/imoveis\/?page_id=3826"},"modified":"2026-04-17T09:28:39","modified_gmt":"2026-04-17T12:28:39","slug":"a-empresa","status":"publish","type":"page","link":"https:\/\/daso.com.br\/imoveis\/a-empresa\/","title":{"rendered":"A Empresa"},"content":{"rendered":"<p data-path-to-node=\"11\"><b data-path-to-node=\"11\" data-index-in-node=\"0\">HIST\u00d3RICO<\/b><br \/>\nNo ano de 2006, o Sr. Ricardo P. Boso iniciou seu escrit\u00f3rio como corretor de im\u00f3veis credenciado, prestando servi\u00e7os de assessoria a clientes em Nova Trento e regi\u00e3o. Ap\u00f3s alguns anos, ingressaram na equipe outros corretores.<\/p>\n<p data-path-to-node=\"12\">Pensando em melhorar ainda mais o atendimento e percebendo as dificuldades apresentadas por alguns clientes, juntou-se \u00e0 equipe, em 2018, o Sr. Roberto Luiz Boso, top\u00f3grafo\/agrimensor.<\/p>\n<p data-path-to-node=\"13\">Nascia assim a Daso Solu\u00e7\u00f5es Imobili\u00e1rias! Um novo conceito de atua\u00e7\u00e3o no mercado da nossa regi\u00e3o. Temos como compromisso dar total apoio e orienta\u00e7\u00e3o, primando pela excel\u00eancia na presta\u00e7\u00e3o de servi\u00e7os imobili\u00e1rios.<\/p>\n<p data-path-to-node=\"14\"><b data-path-to-node=\"14\" data-index-in-node=\"0\">COMODIDADE<br \/>\n<\/b>Comprar ou alugar um im\u00f3vel significa tamb\u00e9m lidar com tr\u00e2mites legais, filas em prefeituras, f\u00f3runs, cart\u00f3rios e a emiss\u00e3o de diversas certid\u00f5es em \u00f3rg\u00e3os p\u00fablicos.<\/p>\n<p data-path-to-node=\"15\">Por tr\u00e1s de tudo isso, existem procedimentos que exigem cuidado, tempo, paci\u00eancia e, principalmente, conhecimento. A Daso Solu\u00e7\u00f5es Imobili\u00e1rias foi criada justamente pensando nisso. Entendendo o dia a dia tumultuado das pessoas e a complexidade dessas exig\u00eancias, n\u00f3s oferecemos a tranquilidade e a comodidade que voc\u00ea precisa na hora de comprar, vender ou alugar o seu im\u00f3vel.<\/p>\n<p data-path-to-node=\"16\"><b data-path-to-node=\"16\" data-index-in-node=\"0\">SERVI\u00c7OS:<\/b><\/p>\n<ul data-path-to-node=\"17\">\n<li>\n<p data-path-to-node=\"17,0,0\">Venda de Im\u00f3veis (Regi\u00e3o de Nova Trento e Praias)<\/p>\n<\/li>\n<li>\n<p data-path-to-node=\"17,1,0\">Aluguel de Im\u00f3veis (Regi\u00e3o de Nova Trento)<\/p>\n<\/li>\n<li>\n<p data-path-to-node=\"17,2,0\">Avalia\u00e7\u00f5es Imobili\u00e1rias em geral<\/p>\n<\/li>\n<li>\n<p data-path-to-node=\"17,3,0\">Elabora\u00e7\u00e3o de Contratos (Compra e Venda, Aluguel, Permuta, etc.)<\/p>\n<\/li>\n<li>\n<p data-path-to-node=\"17,4,0\">Assist\u00eancia em Escrituras, Registro de Im\u00f3veis e Procura\u00e7\u00f5es<\/p>\n<\/li>\n<li>\n<p data-path-to-node=\"17,5,0\">Assist\u00eancia em Usucapi\u00e3o e Invent\u00e1rio<\/p>\n<\/li>\n<li>\n<p data-path-to-node=\"17,6,0\">Topografia<\/p>\n<\/li>\n<li>\n<p data-path-to-node=\"17,7,0\">Loca\u00e7\u00e3o de obras<\/p>\n<\/li>\n<li>\n<p data-path-to-node=\"17,8,0\">Desmembramentos<\/p>\n<\/li>\n<li>\n<p data-path-to-node=\"17,9,0\">Unifica\u00e7\u00e3o de \u00c1reas<\/p>\n<\/li>\n<li>\n<p data-path-to-node=\"17,10,0\">Retifica\u00e7\u00e3o de \u00c1rea<\/p>\n<\/li>\n<li>\n<p data-path-to-node=\"17,11,0\">Levantamento Planim\u00e9trico e Planialtim\u00e9trico<\/p>\n<\/li>\n<li>\n<p data-path-to-node=\"17,12,0\">CAR (Cadastro Ambiental Rural)<\/p>\n<\/li>\n<li>\n<p data-path-to-node=\"17,13,0\">Georreferenciamento<\/p>\n<\/li>\n<li>\n<p data-path-to-node=\"17,14,0\">Loteamentos<\/p>\n<\/li>\n<li>\n<p data-path-to-node=\"17,15,0\">Simula\u00e7\u00e3o de Cr\u00e9dito para Financiamentos<\/p>\n<\/li>\n<li>\n<p id=\"p-rc_88955869a65f59e4-19\" data-path-to-node=\"17,16,0\">Emiss\u00e3o de Certid\u00f5es do Im\u00f3vel e das Partes Envolvidas em \u00d3rg\u00e3os P\u00fablicos e Cart\u00f3rios, como por exemplo: \u2014 Matr\u00edcu<span class=\"citation-170 citation-171 citation-end-171\">la Atualizada, Vinten\u00e1ria ou de \u00d4nus e A\u00e7\u00f5es<\/span> <span class=\"citation-168 citation-169 citation-end-169\">\u2014 Negativa de D\u00e9bitos de Tributos Imobili\u00e1rios, A\u00e7\u00f5es Reais e Reipersecut\u00f3rias<\/span> <span class=\"citation-166 citation-167 citation-end-167\">\u2014 Valor Venal do Im\u00f3vel \u2013 Dados Cadastrais IPTU<\/span> <span class=\"citation-164 citation-165 citation-end-165\">\u2014 Protesto dos Cart\u00f3rios da cidade escolhida<\/span> <span class=\"citation-162 citation-163 citation-end-163\">\u2014 A\u00e7\u00f5es Trabalhistas<\/span> <span class=\"citation-160 citation-161 citation-end-161\">\u2014 Distribui\u00e7\u00e3o da Justi\u00e7a Federal<\/span> <span class=\"citation-158 citation-159 citation-end-159\">\u2014 A\u00e7\u00f5<\/span><span class=\"citation-158 citation-end-158\">es C\u00edveis e Execu\u00e7\u00f5<\/span>es Fiscais \u2014 Fal\u00eanci<span class=\"citation-157 citation-end-157\">a e Recupera\u00e7\u00e3o Judicial (exclusiva para empresas)<\/span> <span class=\"citation-156 citation-end-156\">\u2014 Negativa de D\u00e9bitos de Tributos Federais, Estaduais e Municipais<\/span> <span class=\"citation-155 citation-end-155\">\u2014 Negativa de D\u00e9bitos Trabalhistas \u2013 CNDT<\/span> <span class=\"citation-154 citation-end-154\">\u2014 Certificado de Regularidade Fiscal do FGTS \u2013 CRF (exclusivo para empresas)<\/span> <span class=\"citation-153 citation-end-153\">\u2014 Cons<\/span>ulta de D\u00e9bitos no SPC (Servi\u00e7o de Prote\u00e7\u00e3o ao Cr\u00e9dito) \u2014 Interdi\u00e7\u00e3o, Tutela e Curatela \u2014 Distribui\u00e7\u00e3o de A\u00e7\u00e3o Criminal \u2014 Execu\u00e7\u00e3o Criminal \u2014 Certid\u00e3o de Nascimento \u2014 Certid\u00e3o de Casamento \u2014 Pacto Antenupcial \u2014 Certid\u00e3o de \u00d3bito \u2014 Outras n\u00e3o <span class=\"citation-151 citation-152 citation-end-152\">listadas<\/span><\/p>\n<\/li>\n<\/ul>\n<p>&nbsp;<\/p>\n","protected":false},"excerpt":{"rendered":"<p>HIST\u00d3RICO No ano de 2006, o Sr. Ricardo P. Boso iniciou seu escrit\u00f3rio como corretor de im\u00f3veis credenciado, prestando servi\u00e7os de assessoria a clientes em Nova Trento e regi\u00e3o. Ap\u00f3s alguns anos, ingressaram na equipe outros corretores. Pensando em melhorar ainda mais o atendimento e percebendo as dificuldades apresentadas por alguns clientes, juntou-se \u00e0 equipe,<a href=\"https:\/\/daso.com.br\/imoveis\/a-empresa\/\" class=\"btn\">VEJA MAIS<\/a><\/p>\n","protected":false},"author":1,"featured_media":0,"parent":0,"menu_order":0,"comment_status":"closed","ping_status":"closed","template":"","meta":{"footnotes":""},"class_list":["post-3826","page","type-page","status-publish","hentry"],"_links":{"self":[{"href":"https:\/\/daso.com.br\/imoveis\/wp-json\/wp\/v2\/pages\/3826","targetHints":{"allow":["GET"]}}],"collection":[{"href":"https:\/\/daso.com.br\/imoveis\/wp-json\/wp\/v2\/pages"}],"about":[{"href":"https:\/\/daso.com.br\/imoveis\/wp-json\/wp\/v2\/types\/page"}],"author":[{"embeddable":true,"href":"https:\/\/daso.com.br\/imoveis\/wp-json\/wp\/v2\/users\/1"}],"replies":[{"embeddable":true,"href":"https:\/\/daso.com.br\/imoveis\/wp-json\/wp\/v2\/comments?post=3826"}],"version-history":[{"count":12,"href":"https:\/\/daso.com.br\/imoveis\/wp-json\/wp\/v2\/pages\/3826\/revisions"}],"predecessor-version":[{"id":35806,"href":"https:\/\/daso.com.br\/imoveis\/wp-json\/wp\/v2\/pages\/3826\/revisions\/35806"}],"wp:attachment":[{"href":"https:\/\/daso.com.br\/imoveis\/wp-json\/wp\/v2\/media?parent=3826"}],"curies":[{"name":"wp","href":"https:\/\/api.w.org\/{rel}","templated":true}]}}